{"id":2270,"date":"2026-03-17T13:12:15","date_gmt":"2026-03-17T13:12:15","guid":{"rendered":"https:\/\/innermind.nl\/?post_type=product&#038;p=2270"},"modified":"2026-03-17T13:24:14","modified_gmt":"2026-03-17T13:24:14","slug":"coffre-en-bois-petrifie-bavette-en-bois-petrifie-poli-energie-de-mise-a-la-terre-decoration-fossile-unique","status":"publish","type":"product","link":"https:\/\/innermind.nl\/fr\/product\/versteend-hout-stam-gepolijste-petrified-wood-slab-aardende-energie-uniek-fossiel-decor\/","title":{"rendered":"Tige en bois p\u00e9trifi\u00e9 - Bavette en bois p\u00e9trifi\u00e9 poli | \u00c9nergie de mise \u00e0 la terre et d\u00e9coration fossile unique"},"content":{"rendered":"<p data-start=\"231\" data-end=\"568\">Ceci <strong data-start=\"236\" data-end=\"281\">dalle de bois p\u00e9trifi\u00e9<\/strong> est un fossile extraordinaire vieux de plusieurs millions d'ann\u00e9es qui a pr\u00e9serv\u00e9 la beaut\u00e9 d'un arbre dans la pierre. Gr\u00e2ce \u00e0 un processus naturel de remplacement lent du bois par des min\u00e9raux, une pi\u00e8ce unique est cr\u00e9\u00e9e, dans laquelle <strong data-start=\"500\" data-end=\"540\">structure, anneaux annuels et tons de terre<\/strong> restent bien visibles.<\/p>\n<p data-start=\"570\" data-end=\"830\">La surface de cette bavette est <strong data-start=\"601\" data-end=\"614\">poli<\/strong>, Les motifs et les couleurs naturels ressortent encore plus. Il s'agit donc non seulement d'un objet g\u00e9ologique fascinant, mais aussi d'une pi\u00e8ce \u00e9l\u00e9gante pour la vie de tous les jours. <strong data-start=\"785\" data-end=\"829\">d\u00e9coration int\u00e9rieure ou usage spirituel<\/strong>.<\/p>\n<p data-start=\"832\" data-end=\"1104\"><strong data-start=\"832\" data-end=\"850\">Bois p\u00e9trifi\u00e9<\/strong> est connue pour sa forte <strong data-start=\"878\" data-end=\"916\">la mise \u00e0 la terre et la stabilisation de l'\u00e9nergie<\/strong>. Elle aide \u00e0 se calmer, \u00e0 se connecter \u00e0 la nature et \u00e0 rester fermement dans le moment pr\u00e9sent. C'est donc une pierre de pr\u00e9dilection pour les personnes qui recherchent l'\u00e9quilibre et la force int\u00e9rieure.<\/p>\n<p data-start=\"1106\" data-end=\"1183\">Chaque bavoir est <strong data-start=\"1119\" data-end=\"1137\">totalement unique<\/strong>, Le bois de chauffage est un produit naturel form\u00e9 par la nature au cours de millions d'ann\u00e9es.<\/p>\n<hr data-start=\"1185\" data-end=\"1188\" \/>\n<h1 data-section-id=\"1hb5plr\" data-start=\"1190\" data-end=\"1206\">\ud83c\udf1f Caract\u00e9ristiques<\/h1>\n<p data-start=\"1208\" data-end=\"1468\">Bois p\u00e9trifi\u00e9 v\u00e9ritable<br data-start=\"1246\" data-end=\"1249\" \/>\ud83c\udf33 Fossile d'un million d'ann\u00e9es<br data-start=\"1279\" data-end=\"1282\" \/>\ud83e\udea8 Surface polie pour plus de d\u00e9tails et de brillance<br data-start=\"1331\" data-end=\"1334\" \/>\ud83e\uddd8 \u00c9nergie fortement ancr\u00e9e et stabilis\u00e9e<br data-start=\"1377\" data-end=\"1380\" \/>\ud83c\udfe1 Parfait comme d\u00e9coration ou pi\u00e8ce d'exposition<br data-start=\"1420\" data-end=\"1423\" \/>\ud83c\udf81 Produit naturel unique - chaque pi\u00e8ce est diff\u00e9rente<\/p>\n<hr data-start=\"1470\" data-end=\"1473\" \/>\n<h1 data-section-id=\"1vwfg59\" data-start=\"1475\" data-end=\"1496\">\ud83d\udccf D\u00e9tails du produit<\/h1>\n<p>Dimensions : ~9,5cm x7,5 x5,5cm ~9,5cm x7,5 x5,5<br \/>\npoids : 639 grammes<\/p>\n<p data-start=\"1498\" data-end=\"1697\">Type : Fossile \/ bavette de d\u00e9coration<br data-start=\"1528\" data-end=\"1531\" \/>Mat\u00e9riau : Bois p\u00e9trifi\u00e9<br data-start=\"1573\" data-end=\"1576\" \/>Finition : Polie<br data-start=\"1596\" data-end=\"1599\" \/>Utilisation : d\u00e9coration int\u00e9rieure \/ objet spirituel<br data-start=\"1647\" data-end=\"1650\" \/>Origine : Fossile naturel<br data-start=\"1678\" data-end=\"1681\" \/>Pi\u00e8ce unique : Oui<\/p>\n<hr data-start=\"1699\" data-end=\"1702\" \/>\n<h1 data-section-id=\"jo6vy6\" data-start=\"1704\" data-end=\"1745\">\ud83d\udd2e Signification g\u00e9ologique et spirituelle<\/h1>\n<p data-start=\"1747\" data-end=\"2005\"><strong data-start=\"1747\" data-end=\"1762\">G\u00e9ologique :<\/strong><br data-start=\"1762\" data-end=\"1765\" \/>Le bois p\u00e9trifi\u00e9 est cr\u00e9\u00e9 lorsque le bois est recouvert de s\u00e9diments et que des min\u00e9raux tels que la silice remplacent lentement la mati\u00e8re organique. Ce processus peut prendre des millions d'ann\u00e9es et donne lieu \u00e0 un fossile qui conserve la structure originale du bois.<\/p>\n<p data-start=\"2007\" data-end=\"2111\"><strong data-start=\"2007\" data-end=\"2022\">Spirituel :<\/strong><br data-start=\"2022\" data-end=\"2025\" \/>Le bois p\u00e9trifi\u00e9 est connu pour ses <strong data-start=\"2061\" data-end=\"2097\">la mise \u00e0 la terre et l'\u00e9nergie protectrice<\/strong> et aide \u00e0 :<\/p>\n<ul data-start=\"2113\" data-end=\"2232\">\n<li data-section-id=\"1upymgo\" data-start=\"2113\" data-end=\"2147\">\n<p data-start=\"2115\" data-end=\"2147\">la paix int\u00e9rieure et la stabilit\u00e9<\/p>\n<\/li>\n<li data-section-id=\"frvvqe\" data-start=\"2148\" data-end=\"2175\">\n<p data-start=\"2150\" data-end=\"2175\">connexion \u00e0 la terre<\/p>\n<\/li>\n<li data-section-id=\"n03ivg\" data-start=\"2176\" data-end=\"2208\">\n<p data-start=\"2178\" data-end=\"2208\">patience et croissance \u00e0 long terme<\/p>\n<\/li>\n<li data-section-id=\"1o7utnn\" data-start=\"2209\" data-end=\"2232\">\n<p data-start=\"2211\" data-end=\"2232\">lib\u00e9rer le stress<\/p>\n<\/li>\n<\/ul>\n<p data-start=\"2234\" data-end=\"2300\">\u27a1\ufe0f Type d'\u00e9nergie : <strong data-start=\"2251\" data-end=\"2276\">Mise \u00e0 la terre et protection<\/strong><br data-start=\"2276\" data-end=\"2279\" \/>\u27a1\ufe0f \u00c9l\u00e9ment : <strong data-start=\"2291\" data-end=\"2300\">Terre<\/strong><\/p>","protected":false},"excerpt":{"rendered":"<p>Ceci <strong data-start=\"2799\" data-end=\"2855\">tronc de bois p\u00e9trifi\u00e9 poli (dalle de bois p\u00e9trifi\u00e9)<\/strong> est un fossile unique vieux de plusieurs millions d'ann\u00e9es. Avec ses motifs naturels et son \u00e9nergie de mise \u00e0 la terre, il s'agit d'une pi\u00e8ce merveilleuse pour <strong data-start=\"2982\" data-end=\"3026\">la d\u00e9coration, l'exposition et l'utilisation spirituelle<\/strong>. \ud83c\udf33<\/p>","protected":false},"featured_media":2272,"comment_status":"open","ping_status":"closed","template":"","meta":{"om_disable_all_campaigns":false,"_monsterinsights_skip_tracking":false,"_monsterinsights_sitenote_active":false,"_monsterinsights_sitenote_note":"","_monsterinsights_sitenote_category":0,"_uf_show_specific_survey":0,"_uf_disable_surveys":false,"site-sidebar-layout":"default","site-content-layout":"","ast-site-content-layout":"default","site-content-style":"default","site-sidebar-style":"default","ast-global-header-display":"","ast-banner-title-visibility":"","ast-main-header-display":"","ast-hfb-above-header-display":"","ast-hfb-below-header-display":"","ast-hfb-mobile-header-display":"","site-post-title":"","ast-breadcrumbs-content":"","ast-featured-img":"","footer-sml-layout":"","ast-disable-related-posts":"","theme-transparent-header-meta":"default","adv-header-id-meta":"","stick-header-meta":"","header-above-stick-meta":"","header-main-stick-meta":"","header-below-stick-meta":"","astra-migrate-meta-layouts":"set","ast-page-background-enabled":"default","ast-page-background-meta":{"desktop":{"background-color":"var(--ast-global-color-5)","background-image":"","background-repeat":"repeat","background-position":"center center","background-size":"auto","background-attachment":"scroll","background-type":"","background-media":"","overlay-type":"","overlay-color":"","overlay-opacity":"","overlay-gradient":""},"tablet":{"background-color":"","background-image":"","background-repeat":"repeat","background-position":"center center","background-size":"auto","background-attachment":"scroll","background-type":"","background-media":"","overlay-type":"","overlay-color":"","overlay-opacity":"","overlay-gradient":""},"mobile":{"background-color":"","background-image":"","background-repeat":"repeat","background-position":"center center","background-size":"auto","background-attachment":"scroll","background-type":"","background-media":"","overlay-type":"","overlay-color":"","overlay-opacity":"","overlay-gradient":""}},"ast-content-background-meta":{"desktop":{"background-color":"var(--ast-global-color-4)","background-image":"","background-repeat":"repeat","background-position":"center center","background-size":"auto","background-attachment":"scroll","background-type":"","background-media":"","overlay-type":"","overlay-color":"","overlay-opacity":"","overlay-gradient":""},"tablet":{"background-color":"var(--ast-global-color-4)","background-image":"","background-repeat":"repeat","background-position":"center center","background-size":"auto","background-attachment":"scroll","background-type":"","background-media":"","overlay-type":"","overlay-color":"","overlay-opacity":"","overlay-gradient":""},"mobile":{"background-color":"var(--ast-global-color-4)","background-image":"","background-repeat":"repeat","background-position":"center center","background-size":"auto","background-attachment":"scroll","background-type":"","background-media":"","overlay-type":"","overlay-color":"","overlay-opacity":"","overlay-gradient":""}}},"product_brand":[],"product_cat":[239,30],"product_tag":[838,81,243,83,1217,1212,1213,247,242,1214,211,82,29,1219,1216,1220,241,1215,57,635,112,1218,304,240],"class_list":{"0":"post-2270","1":"product","2":"type-product","3":"status-publish","4":"has-post-thumbnail","6":"product_cat-edelstenenmineralen","7":"product_cat-gepolijste-edelstenen","8":"product_tag-aardende-steen","9":"product_tag-beschermende-steen","10":"product_tag-decoratief","11":"product_tag-edelstenen-en-mineralen","12":"product_tag-fossiel-display","13":"product_tag-fossiel-hout","14":"product_tag-fossil-decor","15":"product_tag-gekristalliseerd-hout","16":"product_tag-gepolijst","17":"product_tag-gepolijst-versteend-hout","18":"product_tag-groot","19":"product_tag-healing-crystals","20":"product_tag-meditatie","21":"product_tag-mineralen-decoratie","22":"product_tag-natuur-decoratie","23":"product_tag-natuurlijke-woondecoratie","24":"product_tag-petrified-wood","25":"product_tag-petrified-wood-slab","26":"product_tag-spiritueel","27":"product_tag-spirituele-decoratie","28":"product_tag-spirituele-stenen","29":"product_tag-uniek-fossiel","30":"product_tag-versteend-hout","31":"product_tag-versteend-hout-schijf","32":"product_shipping_class-pakket-large","33":"desktop-align-center","34":"tablet-align-left","35":"mobile-align-left","37":"first","38":"instock","39":"purchasable","40":"product-type-simple"},"aioseo_notices":[],"jetpack_likes_enabled":false,"jetpack_sharing_enabled":true,"_links":{"self":[{"href":"https:\/\/innermind.nl\/fr\/wp-json\/wp\/v2\/product\/2270","targetHints":{"allow":["GET"]}}],"collection":[{"href":"https:\/\/innermind.nl\/fr\/wp-json\/wp\/v2\/product"}],"about":[{"href":"https:\/\/innermind.nl\/fr\/wp-json\/wp\/v2\/types\/product"}],"replies":[{"embeddable":true,"href":"https:\/\/innermind.nl\/fr\/wp-json\/wp\/v2\/comments?post=2270"}],"wp:featuredmedia":[{"embeddable":true,"href":"https:\/\/innermind.nl\/fr\/wp-json\/wp\/v2\/media\/2272"}],"wp:attachment":[{"href":"https:\/\/innermind.nl\/fr\/wp-json\/wp\/v2\/media?parent=2270"}],"wp:term":[{"taxonomy":"product_brand","embeddable":true,"href":"https:\/\/innermind.nl\/fr\/wp-json\/wp\/v2\/product_brand?post=2270"},{"taxonomy":"product_cat","embeddable":true,"href":"https:\/\/innermind.nl\/fr\/wp-json\/wp\/v2\/product_cat?post=2270"},{"taxonomy":"product_tag","embeddable":true,"href":"https:\/\/innermind.nl\/fr\/wp-json\/wp\/v2\/product_tag?post=2270"}],"curies":[{"name":"wp","href":"https:\/\/api.w.org\/{rel}","templated":true}]}}