{"id":1349,"date":"2025-09-24T10:17:43","date_gmt":"2025-09-24T10:17:43","guid":{"rendered":"https:\/\/innermind.nl\/?post_type=product&#038;p=1349"},"modified":"2026-01-20T18:22:14","modified_gmt":"2026-01-20T18:22:14","slug":"labradorite-polie-unilateralement-59-grammes","status":"publish","type":"product","link":"https:\/\/innermind.nl\/fr\/product\/labradoriet-eenzijdig-gepolijst-59-gram\/","title":{"rendered":"Labradorite polie d'un seul c\u00f4t\u00e9 \u2013 59 grammes"},"content":{"rendered":"<p data-start=\"568\" data-end=\"926\">Cette labradorite de 59 grammes allie la beaut\u00e9 brute et naturelle de la pierre \u00e0 une face soigneusement polie pour accentuer les belles couleurs iris\u00e9es. Le jeu unique des teintes bleues, vertes et dor\u00e9es donne \u00e0 cette pierre un aspect enchanteur, tandis que la face brute conserve son caract\u00e8re authentique.<\/p>\n<p data-start=\"928\" data-end=\"1252\">La labradorite est connue pour \u00eatre une pierre protectrice puissante et un amplificateur d'\u00e9nergie. Elle aide \u00e0 repousser les \u00e9nergies n\u00e9gatives, stimule l'intuition, la cr\u00e9ativit\u00e9 et la confiance en soi, et favorise la clart\u00e9 mentale et la concentration. Cette pierre peut \u00e9galement apporter calme et \u00e9quilibre, att\u00e9nuer les blocages \u00e9motionnels et renforcer la force int\u00e9rieure.<\/p>\n<p data-start=\"1254\" data-end=\"1561\">La combinaison du c\u00f4t\u00e9 brut et du c\u00f4t\u00e9 poli fait de cet exemplaire \u00e0 la fois un magnifique objet d\u00e9coratif et une source d'\u00e9nergie pratique pour la maison, le bureau ou la salle de m\u00e9ditation. Vous recevrez exactement l'exemplaire pr\u00e9sent\u00e9 sur les photos, ce qui vous garantit une pi\u00e8ce unique et authentique en labradorite.<\/p>\n<p data-start=\"1563\" data-end=\"1710\">Parfait pour les collectionneurs, les amateurs de cristal et tous ceux qui souhaitent profiter des propri\u00e9t\u00e9s curatives, protectrices et inspirantes de la labradorite.<\/p>","protected":false},"excerpt":{"rendered":"<p>Cette labradorite de 59 grammes est un produit naturel unique, dont un c\u00f4t\u00e9 a \u00e9t\u00e9 soigneusement poli. Vous recevrez exactement l'exemplaire pr\u00e9sent\u00e9 sur les photos. Id\u00e9al pour les collectionneurs, les amateurs de pierres pr\u00e9cieuses et tous ceux qui souhaitent d\u00e9couvrir l'\u00e9nergie magique de la labradorite.<\/p>","protected":false},"featured_media":1352,"comment_status":"open","ping_status":"closed","template":"","meta":{"om_disable_all_campaigns":false,"_monsterinsights_skip_tracking":false,"_monsterinsights_sitenote_active":false,"_monsterinsights_sitenote_note":"","_monsterinsights_sitenote_category":0,"_uf_show_specific_survey":0,"_uf_disable_surveys":false,"site-sidebar-layout":"default","site-content-layout":"","ast-site-content-layout":"default","site-content-style":"default","site-sidebar-style":"default","ast-global-header-display":"","ast-banner-title-visibility":"","ast-main-header-display":"","ast-hfb-above-header-display":"","ast-hfb-below-header-display":"","ast-hfb-mobile-header-display":"","site-post-title":"","ast-breadcrumbs-content":"","ast-featured-img":"","footer-sml-layout":"","ast-disable-related-posts":"","theme-transparent-header-meta":"default","adv-header-id-meta":"","stick-header-meta":"","header-above-stick-meta":"","header-main-stick-meta":"","header-below-stick-meta":"","astra-migrate-meta-layouts":"set","ast-page-background-enabled":"default","ast-page-background-meta":{"desktop":{"background-color":"var(--ast-global-color-5)","background-image":"","background-repeat":"repeat","background-position":"center center","background-size":"auto","background-attachment":"scroll","background-type":"","background-media":"","overlay-type":"","overlay-color":"","overlay-opacity":"","overlay-gradient":""},"tablet":{"background-color":"","background-image":"","background-repeat":"repeat","background-position":"center center","background-size":"auto","background-attachment":"scroll","background-type":"","background-media":"","overlay-type":"","overlay-color":"","overlay-opacity":"","overlay-gradient":""},"mobile":{"background-color":"","background-image":"","background-repeat":"repeat","background-position":"center center","background-size":"auto","background-attachment":"scroll","background-type":"","background-media":"","overlay-type":"","overlay-color":"","overlay-opacity":"","overlay-gradient":""}},"ast-content-background-meta":{"desktop":{"background-color":"var(--ast-global-color-4)","background-image":"","background-repeat":"repeat","background-position":"center center","background-size":"auto","background-attachment":"scroll","background-type":"","background-media":"","overlay-type":"","overlay-color":"","overlay-opacity":"","overlay-gradient":""},"tablet":{"background-color":"var(--ast-global-color-4)","background-image":"","background-repeat":"repeat","background-position":"center center","background-size":"auto","background-attachment":"scroll","background-type":"","background-media":"","overlay-type":"","overlay-color":"","overlay-opacity":"","overlay-gradient":""},"mobile":{"background-color":"var(--ast-global-color-4)","background-image":"","background-repeat":"repeat","background-position":"center center","background-size":"auto","background-attachment":"scroll","background-type":"","background-media":"","overlay-type":"","overlay-color":"","overlay-opacity":"","overlay-gradient":""}}},"product_brand":[],"product_cat":[239,30],"product_tag":[98,85,611,521,608,612,615,616,268,614,609,607,610,450,613,112],"class_list":{"0":"post-1349","1":"product","2":"type-product","3":"status-publish","4":"has-post-thumbnail","6":"product_cat-edelstenenmineralen","7":"product_cat-gepolijste-edelstenen","8":"product_tag-beschermende-edelsteen","9":"product_tag-chakra-stenen","10":"product_tag-edelsteen-labradoriet","11":"product_tag-edelstenen-madagaskar","12":"product_tag-gepolijste-labradoriet","13":"product_tag-half-gepolijste-labradoriet","14":"product_tag-healing-stenen","15":"product_tag-intuitie-steen","16":"product_tag-labradoriet","17":"product_tag-labradoriet-decoratie","18":"product_tag-labradoriet-kopen","19":"product_tag-labradoriet-madagaskar","20":"product_tag-labradoriet-werking","21":"product_tag-meditatie-kristal","22":"product_tag-ruwe-labradoriet","23":"product_tag-spirituele-stenen","24":"product_shipping_class-brievenbuspakket","25":"desktop-align-center","26":"tablet-align-left","27":"mobile-align-left","29":"first","30":"instock","31":"purchasable","32":"product-type-simple"},"aioseo_notices":[],"jetpack_likes_enabled":false,"jetpack_sharing_enabled":true,"_links":{"self":[{"href":"https:\/\/innermind.nl\/fr\/wp-json\/wp\/v2\/product\/1349","targetHints":{"allow":["GET"]}}],"collection":[{"href":"https:\/\/innermind.nl\/fr\/wp-json\/wp\/v2\/product"}],"about":[{"href":"https:\/\/innermind.nl\/fr\/wp-json\/wp\/v2\/types\/product"}],"replies":[{"embeddable":true,"href":"https:\/\/innermind.nl\/fr\/wp-json\/wp\/v2\/comments?post=1349"}],"wp:featuredmedia":[{"embeddable":true,"href":"https:\/\/innermind.nl\/fr\/wp-json\/wp\/v2\/media\/1352"}],"wp:attachment":[{"href":"https:\/\/innermind.nl\/fr\/wp-json\/wp\/v2\/media?parent=1349"}],"wp:term":[{"taxonomy":"product_brand","embeddable":true,"href":"https:\/\/innermind.nl\/fr\/wp-json\/wp\/v2\/product_brand?post=1349"},{"taxonomy":"product_cat","embeddable":true,"href":"https:\/\/innermind.nl\/fr\/wp-json\/wp\/v2\/product_cat?post=1349"},{"taxonomy":"product_tag","embeddable":true,"href":"https:\/\/innermind.nl\/fr\/wp-json\/wp\/v2\/product_tag?post=1349"}],"curies":[{"name":"wp","href":"https:\/\/api.w.org\/{rel}","templated":true}]}}