{"id":1000,"date":"2025-08-10T11:45:45","date_gmt":"2025-08-10T11:45:45","guid":{"rendered":"https:\/\/innermind.nl\/?post_type=product&#038;p=1000"},"modified":"2026-01-20T17:39:17","modified_gmt":"2026-01-20T17:39:17","slug":"cones-dencens-xl-cleansing-new-beginnings","status":"publish","type":"product","link":"https:\/\/innermind.nl\/fr\/product\/reiniging-nieuw-begin-xl-wierook-kegels\/","title":{"rendered":"Nettoyage &amp; Nouveau d\u00e9part XL C\u00f4nes d'encens"},"content":{"rendered":"<p>Faites l'exp\u00e9rience d'une purification et d'un renouveau profonds avec ce lot de trois c\u00f4nes d'encens naturels XL, fabriqu\u00e9s \u00e0 la main avec amour et dans un souci de qualit\u00e9. Chaque c\u00f4ne est soigneusement roul\u00e9 \u00e0 partir d'un m\u00e9lange de r\u00e9sines coul\u00e9es pures, d'herbes curatives, de fleurs aromatiques et d'huiles essentielles.<\/p>\n<p>Cet encens combine des senteurs riches, terreuses et \u00e9pic\u00e9es avec de douces notes florales et d'agrumes. Id\u00e9al pour les rituels spirituels, la m\u00e9ditation, les c\u00e9r\u00e9monies lunaires ou simplement pour nettoyer et rafra\u00eechir votre espace de vie.<\/p>\n<p>Caract\u00e9ristiques principales :<\/p>\n<p>Effet nettoyant et protecteur<\/p>\n<p>Favorise la concentration, la clart\u00e9 \u00e9nerg\u00e9tique et l'intention<\/p>\n<p>Parfum riche avec des notes de r\u00e9sine, de lavande, de bergamote et de sauge.<\/p>\n<p>P\u00e9tales de roses s\u00e9ch\u00e9es en guise de d\u00e9coration subtile<\/p>\n<p>100% naturel, sans parfum artificiel ni adh\u00e9sif<\/p>\n<p>Ingr\u00e9dients :<br \/>\nPoudre de makko, oliban (encens), benjoin, myrrhe, sauge blanche, palo santo, fleurs de lavande, verbenana, huiles essentielles de lavande et de bergamote, p\u00e9tales de rose s\u00e9ch\u00e9s.<\/p>\n<p>Remarque : comme ces c\u00f4nes sont plus grands, ils peuvent \u00eatre l\u00e9g\u00e8rement press\u00e9s apr\u00e8s utilisation pour \u00eatre br\u00fbl\u00e9s \u00e0 nouveau plus tard sans se briser.<\/p>","protected":false},"excerpt":{"rendered":"<p>Faites l'exp\u00e9rience d'une purification profonde, d'une nouvelle clart\u00e9 et d'une nouvelle intention avec ces c\u00f4nes d'encens jumbo fabriqu\u00e9s \u00e0 la main, avec des produits naturels purs et une intention aimante. Ce m\u00e9lange puissant est con\u00e7u pour les rituels de purification, de transformation et de manifestation.<\/p>\n<p>Chaque c\u00f4ne est roul\u00e9 \u00e0 la main \u00e0 partir d'un m\u00e9lange de r\u00e9sines coul\u00e9es pures, d'herbes m\u00e9dicinales, de fleurs aromatiques et d'huiles essentielles. Le parfum est riche, terreux, \u00e9pic\u00e9 et doucement sucr\u00e9 avec des notes de t\u00eate florales et citronn\u00e9es - parfait pour les m\u00e9ditations, les rituels, les c\u00e9r\u00e9monies lunaires ou simplement pour purifier votre espace.<\/p>","protected":false},"featured_media":1006,"comment_status":"open","ping_status":"closed","template":"","meta":{"om_disable_all_campaigns":false,"_monsterinsights_skip_tracking":false,"_monsterinsights_sitenote_active":false,"_monsterinsights_sitenote_note":"","_monsterinsights_sitenote_category":0,"_uf_show_specific_survey":0,"_uf_disable_surveys":false,"site-sidebar-layout":"default","site-content-layout":"","ast-site-content-layout":"default","site-content-style":"default","site-sidebar-style":"default","ast-global-header-display":"","ast-banner-title-visibility":"","ast-main-header-display":"","ast-hfb-above-header-display":"","ast-hfb-below-header-display":"","ast-hfb-mobile-header-display":"","site-post-title":"","ast-breadcrumbs-content":"","ast-featured-img":"","footer-sml-layout":"","ast-disable-related-posts":"","theme-transparent-header-meta":"default","adv-header-id-meta":"","stick-header-meta":"","header-above-stick-meta":"","header-main-stick-meta":"","header-below-stick-meta":"","astra-migrate-meta-layouts":"set","ast-page-background-enabled":"default","ast-page-background-meta":{"desktop":{"background-color":"var(--ast-global-color-5)","background-image":"","background-repeat":"repeat","background-position":"center center","background-size":"auto","background-attachment":"scroll","background-type":"","background-media":"","overlay-type":"","overlay-color":"","overlay-opacity":"","overlay-gradient":""},"tablet":{"background-color":"","background-image":"","background-repeat":"repeat","background-position":"center center","background-size":"auto","background-attachment":"scroll","background-type":"","background-media":"","overlay-type":"","overlay-color":"","overlay-opacity":"","overlay-gradient":""},"mobile":{"background-color":"","background-image":"","background-repeat":"repeat","background-position":"center center","background-size":"auto","background-attachment":"scroll","background-type":"","background-media":"","overlay-type":"","overlay-color":"","overlay-opacity":"","overlay-gradient":""}},"ast-content-background-meta":{"desktop":{"background-color":"var(--ast-global-color-4)","background-image":"","background-repeat":"repeat","background-position":"center center","background-size":"auto","background-attachment":"scroll","background-type":"","background-media":"","overlay-type":"","overlay-color":"","overlay-opacity":"","overlay-gradient":""},"tablet":{"background-color":"var(--ast-global-color-4)","background-image":"","background-repeat":"repeat","background-position":"center center","background-size":"auto","background-attachment":"scroll","background-type":"","background-media":"","overlay-type":"","overlay-color":"","overlay-opacity":"","overlay-gradient":""},"mobile":{"background-color":"var(--ast-global-color-4)","background-image":"","background-repeat":"repeat","background-position":"center center","background-size":"auto","background-attachment":"scroll","background-type":"","background-media":"","overlay-type":"","overlay-color":"","overlay-opacity":"","overlay-gradient":""}}},"product_brand":[],"product_cat":[23],"product_tag":[137,136,29,132,57,293,27],"class_list":{"0":"post-1000","1":"product","2":"type-product","3":"status-publish","4":"has-post-thumbnail","6":"product_cat-wierook","7":"product_tag-handgerolde-wierook","8":"product_tag-kruiden-wierook","9":"product_tag-meditatie","10":"product_tag-natuurlijke-wierook","11":"product_tag-spiritueel","12":"product_tag-spiritueel-geschenk","13":"product_tag-wierook","14":"product_shipping_class-brievenbuspakket","15":"desktop-align-center","16":"tablet-align-left","17":"mobile-align-left","19":"first","20":"instock","21":"purchasable","22":"product-type-simple"},"aioseo_notices":[],"jetpack_likes_enabled":false,"jetpack_sharing_enabled":true,"_links":{"self":[{"href":"https:\/\/innermind.nl\/fr\/wp-json\/wp\/v2\/product\/1000","targetHints":{"allow":["GET"]}}],"collection":[{"href":"https:\/\/innermind.nl\/fr\/wp-json\/wp\/v2\/product"}],"about":[{"href":"https:\/\/innermind.nl\/fr\/wp-json\/wp\/v2\/types\/product"}],"replies":[{"embeddable":true,"href":"https:\/\/innermind.nl\/fr\/wp-json\/wp\/v2\/comments?post=1000"}],"wp:featuredmedia":[{"embeddable":true,"href":"https:\/\/innermind.nl\/fr\/wp-json\/wp\/v2\/media\/1006"}],"wp:attachment":[{"href":"https:\/\/innermind.nl\/fr\/wp-json\/wp\/v2\/media?parent=1000"}],"wp:term":[{"taxonomy":"product_brand","embeddable":true,"href":"https:\/\/innermind.nl\/fr\/wp-json\/wp\/v2\/product_brand?post=1000"},{"taxonomy":"product_cat","embeddable":true,"href":"https:\/\/innermind.nl\/fr\/wp-json\/wp\/v2\/product_cat?post=1000"},{"taxonomy":"product_tag","embeddable":true,"href":"https:\/\/innermind.nl\/fr\/wp-json\/wp\/v2\/product_tag?post=1000"}],"curies":[{"name":"wp","href":"https:\/\/api.w.org\/{rel}","templated":true}]}}