{"id":1406,"date":"2025-10-01T03:59:45","date_gmt":"2025-10-01T03:59:45","guid":{"rendered":"https:\/\/innermind.nl\/?post_type=product&#038;p=1406"},"modified":"2026-01-19T15:02:09","modified_gmt":"2026-01-19T15:02:09","slug":"goldenes-dreieck-orgonit-pyramide-quarz-amethyst-rosenquarz-fur-harmonie-und-energie","status":"publish","type":"product","link":"https:\/\/innermind.nl\/de\/product\/gouden-driehoek-orgoniet-piramide-kwarts-amethist-rozenkwarts-voor-harmonie-en-energie\/","title":{"rendered":"Goldenes Dreieck Orgonit-Pyramide \u2013 Quarz, Amethyst &amp; Rosenquarz f\u00fcr Harmonie und Energie"},"content":{"rendered":"<p><span style=\"color: #ff0000;\"><strong>Vorbestellung. Sie erhalten eine Pyramide, die den Fotos entspricht. Diese wird nach Ihrer Bestellung innerhalb von 1-2 Wochen ma\u00dfgefertigt und nach Ihrer Freigabe versandt.<\/strong><\/span><\/p>\n<p>Dies ist eine spezielle Orgonite\u00ae-Pyramide aus Gizeh mit den Steinen des Goldenen Dreiecks: Amethyst, Rosenquarz und Bergkristall. In der Mitte befindet sich ein nat\u00fcrlicher Bergkristall, der mit einer SBB-Spule verwoben ist, die Energie verst\u00e4rkt, umleitet und fokussiert. Die Spule erh\u00f6ht auch die Leistung und Reichweite der Pyramide erheblich. An der Spitze befindet sich eine Kugel aus rostfreiem Stahl, durch die die Energie in einer runderen, breiteren Form nach au\u00dfen gelangt, anstatt in einem B\u00fcndel.<\/p>\n<p>Das durchschnittliche Gewicht betr\u00e4gt 20 Oz \/ 550 Gramm.<\/p>\n<p>Oben sehen Sie eine Schicht Rosenquarz und eine Schicht roher Amethystkristalle.<\/p>\n<p>Es besteht aus dicht gepackten Metallsp\u00e4nen aus Aluminium, Bronze, (viel) Kupfer und Messing, die laut den Forschungen von Wilhelm Reich notwendig sind, damit Orgonite\u00ae richtig funktioniert (je mehr METALLsp\u00e4ne, desto besser kann Orgonite\u00ae stagnierende Energie entfernen). Innerhalb dieser Metallschichten befinden sich vier endst\u00e4ndige Quarzkristalle, die in vier Richtungen zeigen, um einen umfassenden Energiefluss in alle vier Richtungen und einen piezoelektrischen Effekt zu erzielen.<\/p>\n<p>Es besteht aus strapazierf\u00e4higem, ungiftigem Harz (kein Epoxidharz, da dieses nicht stark schrumpft), um eine optimale Schrumpfung und einen optimalen Druck auf den Quarz zu gew\u00e4hrleisten und so einen optimalen piezoelektrischen Effekt zu erzielen.<\/p>\n<p>Es besteht aus den folgenden Hauptsteinen \ud83d\udc49<\/p>\n<p>\u2728 DAS GOLDENE DREIECK \u2728<br \/>\nDas Goldene Dreieck kombiniert Bergkristall, Amethyst und Rosenquarz, um harmonische Energie zu erzeugen.<\/p>\n<p>Bergkristall: Bergkristall wird oft als \u2018Stein des Lichts\u2019 bezeichnet. Er reinigt und verst\u00e4rkt den Energiefluss, unterst\u00fctzt die Meditation und bringt K\u00f6rper und Geist ins Gleichgewicht.<\/p>\n<p>Rosenquarz: Rosenquarz ist daf\u00fcr bekannt, Selbstliebe und Mitgef\u00fchl zu f\u00f6rdern. Rosenquarz \u00f6ffnet das Herz f\u00fcr Sch\u00f6nheit, Kreativit\u00e4t und Empathie.<\/p>\n<p>Amethyst: Amethyst steht f\u00fcr Ausgeglichenheit und Ruhe. Er f\u00f6rdert die intuitive Entwicklung, beruhigt Emotionen und stimuliert spirituelles Wachstum.<\/p>\n<p>Die Pyramide hat au\u00dferdem eine Grundmischung innerhalb der Schichten an der Unterseite, bestehend aus \ud83d\udc49<\/p>\n<p>\u2728 (Elite) Shungit \u2728<br \/>\nElite Shungite mit seinem hohen Kohlenstoffgehalt wird wegen seines EMF-Schutzes, seiner reinigenden Wirkung, seiner erdenden Energie und seiner F\u00f6rderung des allgemeinen Wohlbefindens gesch\u00e4tzt.<\/p>\n<p>\u2728 Schwarzer Turmalin \u2728<br \/>\nSchwarzer Turmalin ist bekannt f\u00fcr seine erdende Energie, die Negativit\u00e4t transformiert und den Tr\u00e4ger sch\u00fctzt, indem er seine Umgebung und Aura reinigt.<\/p>\n<p>\u2728Selenit\u2728<br \/>\nSelenit reinigt andere Kristalle und entfernt negative Energie, wodurch Frieden, Klarheit und die Ausrichtung auf h\u00f6here spirituelle Energien entstehen.<\/p>\n<p>\u2728 Rhodiziet \u2728<br \/>\nRhodizite ist ein Kristall mit einem hohen Frequenzverst\u00e4rker. Er erh\u00f6ht die Energie, reinigt die Chakren und f\u00f6rdert die Manifestation durch Empowerment.<\/p>\n<p>\u2728 Pyrit \u2728<br \/>\nPyrit blockiert Negativit\u00e4t, steigert die Motivation und Produktivit\u00e4t und hilft dabei, verborgene Wahrheiten oder Fassaden aufzudecken.<\/p>\n<p>\u2728 Bergkristall \/ Bergkristall \u2728<br \/>\nBergkristall verst\u00e4rkt Energie, st\u00e4rkt Absichten, hilft bei der Manifestation und gleicht sowohl die Energie des Benutzers als auch die seiner Umgebung aus.<\/p>","protected":false},"excerpt":{"rendered":"<p>Vorbestellung. Sie erhalten eine Pyramide, die den Fotos entspricht. Diese wird nach Ihrer Bestellung innerhalb von 1-2 Wochen ma\u00dfgefertigt und nach Ihrer Freigabe versandt.<br \/>\nDies ist eine spezielle Orgonite\u00ae-Pyramide aus Gizeh mit den Steinen des Goldenen Dreiecks: Amethyst, Rosenquarz und Bergkristall. In der Mitte befindet sich ein nat\u00fcrlicher Bergkristall, der mit einer SBB-Spule verwoben ist, die Energie verst\u00e4rkt, umleitet und fokussiert. Die Spule erh\u00f6ht auch die Leistung und Reichweite der Pyramide erheblich. An der Spitze befindet sich eine Kugel aus rostfreiem Stahl, durch die die Energie in einer runderen, breiteren Form nach au\u00dfen gelangt, anstatt in einem B\u00fcndel.<\/p>\n<p>Das durchschnittliche Gewicht betr\u00e4gt 20 Oz \/ 550 Gramm.<br \/>\nIn dem transparenten Oberteil sieht man eine Schicht Rosenquarz und eine Schicht roher Amethystkristalle.<\/p>","protected":false},"featured_media":1412,"comment_status":"open","ping_status":"closed","template":"","meta":{"om_disable_all_campaigns":false,"_monsterinsights_skip_tracking":false,"_monsterinsights_sitenote_active":false,"_monsterinsights_sitenote_note":"","_monsterinsights_sitenote_category":0,"_uf_show_specific_survey":0,"_uf_disable_surveys":false,"site-sidebar-layout":"default","site-content-layout":"","ast-site-content-layout":"default","site-content-style":"default","site-sidebar-style":"default","ast-global-header-display":"","ast-banner-title-visibility":"","ast-main-header-display":"","ast-hfb-above-header-display":"","ast-hfb-below-header-display":"","ast-hfb-mobile-header-display":"","site-post-title":"","ast-breadcrumbs-content":"","ast-featured-img":"","footer-sml-layout":"","ast-disable-related-posts":"","theme-transparent-header-meta":"default","adv-header-id-meta":"","stick-header-meta":"","header-above-stick-meta":"","header-main-stick-meta":"","header-below-stick-meta":"","astra-migrate-meta-layouts":"set","ast-page-background-enabled":"default","ast-page-background-meta":{"desktop":{"background-color":"var(--ast-global-color-5)","background-image":"","background-repeat":"repeat","background-position":"center center","background-size":"auto","background-attachment":"scroll","background-type":"","background-media":"","overlay-type":"","overlay-color":"","overlay-opacity":"","overlay-gradient":""},"tablet":{"background-color":"","background-image":"","background-repeat":"repeat","background-position":"center center","background-size":"auto","background-attachment":"scroll","background-type":"","background-media":"","overlay-type":"","overlay-color":"","overlay-opacity":"","overlay-gradient":""},"mobile":{"background-color":"","background-image":"","background-repeat":"repeat","background-position":"center center","background-size":"auto","background-attachment":"scroll","background-type":"","background-media":"","overlay-type":"","overlay-color":"","overlay-opacity":"","overlay-gradient":""}},"ast-content-background-meta":{"desktop":{"background-color":"var(--ast-global-color-4)","background-image":"","background-repeat":"repeat","background-position":"center center","background-size":"auto","background-attachment":"scroll","background-type":"","background-media":"","overlay-type":"","overlay-color":"","overlay-opacity":"","overlay-gradient":""},"tablet":{"background-color":"var(--ast-global-color-4)","background-image":"","background-repeat":"repeat","background-position":"center center","background-size":"auto","background-attachment":"scroll","background-type":"","background-media":"","overlay-type":"","overlay-color":"","overlay-opacity":"","overlay-gradient":""},"mobile":{"background-color":"var(--ast-global-color-4)","background-image":"","background-repeat":"repeat","background-position":"center center","background-size":"auto","background-attachment":"scroll","background-type":"","background-media":"","overlay-type":"","overlay-color":"","overlay-opacity":"","overlay-gradient":""}}},"product_brand":[],"product_cat":[218,216,628],"product_tag":[214,645,576,646,647,637,602,643,209,569,580,629,284,546],"class_list":{"0":"post-1406","1":"product","2":"type-product","3":"status-publish","4":"has-post-thumbnail","6":"product_cat-orgonite","7":"product_cat-orgonite-pyramides","8":"product_cat-pre_order_orgonite","9":"product_tag-amethist","10":"product_tag-edelsteen-piramide","11":"product_tag-energie-balans","12":"product_tag-gouden-driehoek","13":"product_tag-gouden-driehoek-kristallen","14":"product_tag-handgemaakte-orgoniet","15":"product_tag-healing-kristallen","16":"product_tag-kristal-piramide","17":"product_tag-kwarts","18":"product_tag-meditatie-hulpmiddel","19":"product_tag-orgoniet","20":"product_tag-orgoniet-piramide","21":"product_tag-rozenkwarts","22":"product_tag-spirituele-bescherming","23":"product_shipping_class-pakket-large","24":"desktop-align-center","25":"tablet-align-left","26":"mobile-align-left","28":"first","29":"instock","30":"sold-individually","31":"purchasable","32":"product-type-simple"},"aioseo_notices":[],"jetpack_likes_enabled":false,"jetpack_sharing_enabled":true,"_links":{"self":[{"href":"https:\/\/innermind.nl\/de\/wp-json\/wp\/v2\/product\/1406","targetHints":{"allow":["GET"]}}],"collection":[{"href":"https:\/\/innermind.nl\/de\/wp-json\/wp\/v2\/product"}],"about":[{"href":"https:\/\/innermind.nl\/de\/wp-json\/wp\/v2\/types\/product"}],"replies":[{"embeddable":true,"href":"https:\/\/innermind.nl\/de\/wp-json\/wp\/v2\/comments?post=1406"}],"wp:featuredmedia":[{"embeddable":true,"href":"https:\/\/innermind.nl\/de\/wp-json\/wp\/v2\/media\/1412"}],"wp:attachment":[{"href":"https:\/\/innermind.nl\/de\/wp-json\/wp\/v2\/media?parent=1406"}],"wp:term":[{"taxonomy":"product_brand","embeddable":true,"href":"https:\/\/innermind.nl\/de\/wp-json\/wp\/v2\/product_brand?post=1406"},{"taxonomy":"product_cat","embeddable":true,"href":"https:\/\/innermind.nl\/de\/wp-json\/wp\/v2\/product_cat?post=1406"},{"taxonomy":"product_tag","embeddable":true,"href":"https:\/\/innermind.nl\/de\/wp-json\/wp\/v2\/product_tag?post=1406"}],"curies":[{"name":"wp","href":"https:\/\/api.w.org\/{rel}","templated":true}]}}